{"id":6784,"date":"2022-06-20T10:45:26","date_gmt":"2022-06-20T15:45:26","guid":{"rendered":"http:\/\/cj-insurance-service.one.zysites.com\/about-us\/"},"modified":"2022-09-27T11:54:51","modified_gmt":"2022-09-27T16:54:51","slug":"about-us","status":"publish","type":"page","link":"https:\/\/www.cjinsurance.net\/es\/about-us\/","title":{"rendered":"Sobre nosotros"},"content":{"rendered":"<p>Establecido en 2002, CJ Insurance Services sigue creciendo, incluso en tiempos econ\u00f3micos dif\u00edciles. \u00a1Estamos aqu\u00ed para ti! Env\u00ede r\u00e1pida y f\u00e1cilmente su solicitud de cotizaci\u00f3n. Podemos ofrecer las coberturas adecuadas y con el toque personal que esperar\u00eda de su agente\/corredor de seguros local.<\/p>\n<p>Somos una agencia independiente de servicio completo que ofrece productos de seguros personales y comerciales. Tenemos acceso a una gran cantidad de operadores, incluidas empresas para riesgos dif\u00edciles de colocar. Nos enorgullecemos de ser una oficina orientada al servicio al cliente. No solo vendemos seguros, ofrecemos un servicio. Puede ir a cualquier lugar y comprar un seguro, pero es el servicio lo que nos destaca del resto.<\/p>\n","protected":false},"excerpt":{"rendered":"<p>Establecido en 2002, CJ Insurance Services sigue creciendo, incluso en tiempos econ\u00f3micos dif\u00edciles. \u00a1Estamos aqu\u00ed para ti! Env\u00ede r\u00e1pida y [&hellip;]<\/p>\n","protected":false},"author":6,"featured_media":0,"parent":0,"menu_order":0,"comment_status":"closed","ping_status":"closed","template":"","meta":{"_acf_changed":false,"_seopress_robots_primary_cat":null,"_seopress_titles_title":"","_seopress_titles_desc":"","_seopress_robots_index":"","_analytify_skip_tracking":false,"footnotes":""},"class_list":["post-6784","page","type-page","status-publish","hentry"],"acf":[],"_links":{"self":[{"href":"https:\/\/www.cjinsurance.net\/es\/wp-json\/wp\/v2\/pages\/6784","targetHints":{"allow":["GET"]}}],"collection":[{"href":"https:\/\/www.cjinsurance.net\/es\/wp-json\/wp\/v2\/pages"}],"about":[{"href":"https:\/\/www.cjinsurance.net\/es\/wp-json\/wp\/v2\/types\/page"}],"author":[{"embeddable":true,"href":"https:\/\/www.cjinsurance.net\/es\/wp-json\/wp\/v2\/users\/6"}],"replies":[{"embeddable":true,"href":"https:\/\/www.cjinsurance.net\/es\/wp-json\/wp\/v2\/comments?post=6784"}],"version-history":[{"count":0,"href":"https:\/\/www.cjinsurance.net\/es\/wp-json\/wp\/v2\/pages\/6784\/revisions"}],"wp:attachment":[{"href":"https:\/\/www.cjinsurance.net\/es\/wp-json\/wp\/v2\/media?parent=6784"}],"curies":[{"name":"wp","href":"https:\/\/api.w.org\/{rel}","templated":true}]}}